{"id":3923,"date":"2021-03-18T15:30:40","date_gmt":"2021-03-18T13:30:40","guid":{"rendered":"https:\/\/www.airidea.lt\/privatumo-politika\/"},"modified":"2021-03-23T23:00:26","modified_gmt":"2021-03-23T21:00:26","slug":"privatumo-politika","status":"publish","type":"page","link":"https:\/\/www.airidea.lt\/en\/privatumo-politika\/","title":{"rendered":"Privatumo politika"},"content":{"rendered":"\t\t<div data-elementor-type=\"wp-page\" data-elementor-id=\"3923\" class=\"elementor elementor-3923 elementor-3092\" data-elementor-post-type=\"page\">\n\t\t\t\t\t\t<section class=\"elementor-section elementor-top-section elementor-element elementor-element-813f894 elementor-section-boxed elementor-section-height-default elementor-section-height-default\" data-id=\"813f894\" data-element_type=\"section\" data-e-type=\"section\">\n\t\t\t\t\t\t<div class=\"elementor-container elementor-column-gap-default\">\n\t\t\t\t\t<div class=\"elementor-column elementor-col-100 elementor-top-column elementor-element elementor-element-c76385d\" data-id=\"c76385d\" data-element_type=\"column\" data-e-type=\"column\">\n\t\t\t<div class=\"elementor-widget-wrap elementor-element-populated\">\n\t\t\t\t\t\t<div class=\"elementor-element elementor-element-0fac758 elementor-widget elementor-widget-heading\" data-id=\"0fac758\" data-element_type=\"widget\" data-e-type=\"widget\" data-widget_type=\"heading.default\">\n\t\t\t\t<div class=\"elementor-widget-container\">\n\t\t\t\t\t<h2 class=\"elementor-heading-title elementor-size-default\">Privatumo politika<\/h2>\t\t\t\t<\/div>\n\t\t\t\t<\/div>\n\t\t\t\t<div class=\"elementor-element elementor-element-066f7e8 elementor-widget elementor-widget-text-editor\" data-id=\"066f7e8\" data-element_type=\"widget\" data-e-type=\"widget\" data-widget_type=\"text-editor.default\">\n\t\t\t\t<div class=\"elementor-widget-container\">\n\t\t\t\t\t\t\t\t\t<ol>\n  <h2>I SKYRIUS: BENDROSIOS NUOSTATOS<\/h2>\n  <li style=\"font-weight: 400\" aria-level=\"1\">\n    <span style=\"font-weight: 400\"\n      >\u0160ioje Privatumo politikoje pateikiama informacija apie asmens duomen\u0173\n      tvarkym\u0105 &#8211; kaip renkami, tvarkomi, saugomi J\u016bs\u0173 asmens duomenys.\n      Suprantame asmens duomen\u0173 apsaugos svarb\u0105, tod\u0117l gerbiame savo klient\u0173 ir\n      kit\u0173 duomen\u0173 subjekt\u0173\u00a0 privatum\u0105 ir saugome asmens duomenis.\u00a0<\/span\n    >\n  <\/li>\n  <li style=\"font-weight: 400\" aria-level=\"1\">\n    <span style=\"font-weight: 400\"\n      >\u0160i privatumo politika (toliau \u2013 Politika) reglamentuoja UAB \u201eAIR Idea\u201c,\n      veikian\u010dio adresu Naujakuri\u0173 g. 24, Vilnius, ir kurios \u012fmon\u0117s kodas yra\n      302310470 (toliau \u2013 Duomen\u0173 valdytojas), vykdomo asmens duomen\u0173 tvarkymo\n      principus ir tvark\u0105 bei Duomen\u0173 valdytojo valdomos interneto svetain\u0117s\n      http:\/\/www.airidea.lt\/ (toliau \u2013 Interneto svetain\u0117) veikimo\n      s\u0105lygas.<\/span\n    >\n  <\/li>\n  <li style=\"font-weight: 400\" aria-level=\"1\">\n    <span style=\"font-weight: 400\"\n      >Duomen\u0173 subjektu \u0161ioje Politikoje laikomas bet koks fizinis asmuo, kurio\n      asmens duomenis tvarko Duomen\u0173 valdytojas.<\/span\n    >\n  <\/li>\n  <li style=\"font-weight: 400\" aria-level=\"1\">\n    <span style=\"font-weight: 400\"\n      >Duomen\u0173 valdytojas u\u017etikrina, kad priimdamas ir \u012fgyvendindamas \u0161i\u0105\n      Politik\u0105 siekia \u012fgyvendinti \u0161iuos esminius su asmens duomen\u0173 tvarkymu\n      susijusius principus:<\/span\n    >\n    <ol>\n      <li style=\"font-weight: 400\" aria-level=\"3\">\n        <span style=\"font-weight: 400\"\n          >Siekiama, kad asmens duomenys Duomen\u0173 subjekto at\u017evilgiu b\u016bt\u0173\n          tvarkomi teis\u0117tu, s\u0105\u017einingu ir skaidriu b\u016bdu (teis\u0117tumo, s\u0105\u017einingumo\n          ir skaidrumo principas);<\/span\n        >\n      <\/li>\n      <li style=\"font-weight: 400\" aria-level=\"3\">\n        <span style=\"font-weight: 400\"\n          >Siekiama, kad asmens duomenys b\u016bt\u0173 renkami nustatytais, ai\u0161kiai\n          apibr\u0117\u017etais bei teis\u0117tais tikslais ir toliau netvarkomi su tais\n          tikslais nesuderinamu b\u016bdu; tolesnis asmens duomen\u0173 tvarkymas\n          archyvavimo tikslais vie\u0161ojo intereso labui, mokslini\u0173 ar istorini\u0173\n          tyrim\u0173 tikslais arba statistiniais tikslais n\u0117ra laikomas nesuderinamu\n          su pirminiais tikslais (tikslo apribojimo principas);<\/span\n        >\n      <\/li>\n      <li style=\"font-weight: 400\" aria-level=\"3\">\n        <span style=\"font-weight: 400\"\n          >Siekiama, kad asmens duomenys b\u016bt\u0173 adekvat\u016bs, tinkami ir tik tokie,\n          kuri\u0173 reikia siekiant tiksl\u0173, d\u0117l kuri\u0173 jie tvarkomi (duomen\u0173 kiekio\n          ma\u017einimo principas);<\/span\n        >\n      <\/li>\n      <li style=\"font-weight: 400\" aria-level=\"3\">\n        <span style=\"font-weight: 400\"\n          >Siekiama ir dedamos pastangos, kad asmens duomenys b\u016bt\u0173 tiksl\u016bs ir\n          esant poreikiui per proting\u0105 termin\u0105 nuo pasikeitimo fakto b\u016bt\u0173\n          atnaujinami; siekiama imtis vis\u0173 pagr\u012fst\u0173 priemoni\u0173 u\u017etikrinti, kad\n          asmens duomenys, kurie n\u0117ra tiksl\u016bs, atsi\u017evelgiant \u012f j\u0173 tvarkymo\n          tikslus, b\u016bt\u0173 nedelsiant i\u0161trinami arba per proting\u0105 termin\u0105 i\u0161taisomi\n          (tikslumo principas);<\/span\n        >\n      <\/li>\n      <li style=\"font-weight: 400\" aria-level=\"3\">\n        <span style=\"font-weight: 400\"\n          >Siekiama, kad asmens duomenys b\u016bt\u0173 laikomi tokia forma, kad Duomen\u0173\n          subjekt\u0173 tapatyb\u0119 b\u016bt\u0173 galima nustatyti ne ilgiau, nei tai yra b\u016btina\n          tais tikslais, kuriais asmens duomenys yra tvarkomi;\u00a0<\/span\n        >\n      <\/li>\n      <li style=\"font-weight: 400\" aria-level=\"3\">\n        <span style=\"font-weight: 400\"\n          >asmens duomenis galima saugoti ilgesnius laikotarpius, jeigu asmens\n          duomenys bus tvarkomi tik archyvavimo tikslais vie\u0161ojo intereso labui,\n          mokslini\u0173 ar istorini\u0173 tyrim\u0173 tikslais arba statistiniais tikslais,\n          \u012fgyvendinus atitinkamas technines ir organizacines priemones,\n          reikalingas siekiant apsaugoti Duomen\u0173 subjekto teises ir laisves\n          (saugojimo trukm\u0117s apribojimo principas);<\/span\n        >\n      <\/li>\n      <li style=\"font-weight: 400\" aria-level=\"3\">\n        <span style=\"font-weight: 400\"\n          >Siekiama, kad asmens duomenys, atsi\u017evelgiant \u012f Duomen\u0173 valdytojo\n          tvarkom\u0173 asmens duomen\u0173 bendrin\u012f pob\u016bd\u012f, b\u016bt\u0173 tvarkomi tokiu b\u016bdu, kad\n          taikant atitinkamas technines ar organizacines priemones b\u016bt\u0173\n          u\u017etikrintas tinkamas asmens duomen\u0173 saugumas, \u012fskaitant apsaug\u0105 nuo\n          asmens duomen\u0173 tvarkymo be leidimo arba neteis\u0117to asmens duomen\u0173\n          tvarkymo ir nuo nety\u010dinio praradimo, sunaikinimo ar sugadinimo\n          (vientisumo ir konfidencialumo principas);<\/span\n        >\n      <\/li>\n      <li style=\"font-weight: 400\" aria-level=\"3\">\n        <span style=\"font-weight: 400\"\n          >Duomen\u0173 valdytojas yra atsakingas u\u017e tai, kad b\u016bt\u0173 laikomasi auk\u0161\u010diau\n          nurodyt\u0173 princip\u0173, ir turi sugeb\u0117ti \u012frodyti, kad j\u0173 yra laikomasi\n          (atskaitomyb\u0117s principas).<\/span\n        >\n      <\/li>\n    <\/ol>\n  <\/li>\n  <li style=\"font-weight: 400\" aria-level=\"1\">\n    <span style=\"font-weight: 400\"\n      >\u0160i Politika sudaryta vadovaujantis Europos Parlamento ir Tarybos\n      reglamentu (ES) 2016\/679 d\u0117l fizini\u0173 asmen\u0173 apsaugos tvarkant asmens\n      duomenis ir d\u0117l laisvo toki\u0173 duomen\u0173 jud\u0117jimo ir kuriuo panaikinama\n      Direktyva 95\/46\/EB (toliau &#8211; BDAR), Lietuvos Respublikos asmens duomen\u0173\n      teisin\u0117s apsaugos \u012fstatymu (toliau \u2013 ADTA\u012e), kitais Europos S\u0105jungos ir\n      Lietuvos Respublikos teis\u0117s aktais. Politikoje vartojamos s\u0105vokos\n      suprantamos taip, kai jos yra apibr\u0117\u017etos BDAR ir ADTA\u012e.<\/span\n    >\n  <\/li>\n  <h2>II SKYRIUS: INFORMACIJA APIE NAUDOJAMUS SLAPUKUS<\/h2>\n  <li style=\"font-weight: 400\" aria-level=\"1\">\n    <span style=\"font-weight: 400\"\n      >Duomen\u0173 valdytojas Interneto svetain\u0117je naudoja slapukus (angl. <\/span\n    ><i><span style=\"font-weight: 400\">cookies<\/span><\/i\n    ><span style=\"font-weight: 400\"\n      >) tam, kad gal\u0117t\u0173 atkirti vienus Internetin\u0117s svetain\u0117s naudotojus nuo\n      kit\u0173.\u00a0<\/span\n    >\n  <\/li>\n  <li style=\"font-weight: 400\" aria-level=\"1\">\n    <span style=\"font-weight: 400\"\n      >Slapuk\u0173 pagalba Duomen\u0173 valdytojas siekia u\u017etikrinti malonesn\u0119 patirt\u012f\n      asmenims, nar\u0161antiems Interneto svetain\u0117je bei tobulinti pa\u010di\u0105 Interneto\n      svetain\u0119.\u00a0<\/span\n    >\n  <\/li>\n  <li style=\"font-weight: 400\" aria-level=\"1\">\n    <span style=\"font-weight: 400\"\n      >Slapukai yra ma\u017eos apimties tekstiniai failai, kurie saugomi Asmens\n      nar\u0161ykl\u0117je ar \u012frenginyje (asmeniniame kompiuteryje, mobiliajame telefone\n      ar plan\u0161etiniame kompiuteryje).<\/span\n    >\n  <\/li>\n  <li style=\"font-weight: 400\" aria-level=\"1\">\n    <span style=\"font-weight: 400\"\n      >Internetin\u0117je svetain\u0117je naudojami \u0161ie \u201eGoogle Analytics\u201c,\n      slapukai:<\/span\n    >\n  <\/li>\n  <table>\n    <tbody>\n      <tr>\n        <td><b>Tipas<\/b><\/td>\n        <td><b>Slapuko pavadinimas<\/b><\/td>\n        <td><b>Paskirtis<\/b><\/td>\n        <td><b>Domenas<\/b><\/td>\n        <td><b>Galiojimo terminas<\/b><\/td>\n      <\/tr>\n      <tr>\n        <td rowspan=\"6\">\n          <span style=\"font-weight: 400\">Analitinis<\/span>\n        <\/td>\n        <td><span style=\"font-weight: 400\">_ga_BN1SE04PMD<\/span><\/td>\n        <td>\n          <span style=\"font-weight: 400\"\n            >\u201eGoogle Analytics\u201c slapukas, skirtas sesijos b\u016bsenai\n            palaikyti.<\/span\n          >\n        <\/td>\n        <td rowspan=\"6\">\n          <span style=\"font-weight: 400\">https:\/\/www.airidea.lt\/<\/span>\n        <\/td>\n        <td><span style=\"font-weight: 400\">2 metai<\/span><\/td>\n      <\/tr>\n      <tr>\n        <td><span style=\"font-weight: 400\">_ga<\/span><\/td>\n        <td>\n          <span style=\"font-weight: 400\"\n            >\u201eGoogle Analytics\u201c slapukas, skirtas atpa\u017einti vartotojams.<\/span\n          >\n        <\/td>\n        <td>\n          <span style=\"font-weight: 400\">2 metai<\/span>\n        <\/td>\n      <\/tr>\n      <tr>\n        <td><span style=\"font-weight: 400\">_gat<\/span><\/td>\n        <td>\n          <span style=\"font-weight: 400\"\n            >\u201eGoogle Analytics\u201c slapukas, naudojamas u\u017eklaus\u0173 kieki\u0173\n            ribojimui.<\/span\n          >\n        <\/td>\n        <td><span style=\"font-weight: 400\">1 min.<\/span><\/td>\n      <\/tr>\n      <tr>\n        <td><span style=\"font-weight: 400\">_gid<\/span><\/td>\n        <td>\n          <span style=\"font-weight: 400\"\n            >\u201eGoogle Analytics\u201c slapukas, skirtas atpa\u017eint i vartotojams.<\/span\n          >\n        <\/td>\n        <td><span style=\"font-weight: 400\">24 val.<\/span><\/td>\n      <\/tr>\n      <tr>\n        <td><span style=\"font-weight: 400\">moove_gdpr_popup<\/span><\/td>\n        <td>\n          <span style=\"font-weight: 400\"\n            >Slapukas, naudojamas i\u0161saugoti vartotojo pasirinkim\u0105 d\u0117l slapuk\u0173\n            naudojimo m\u016bs\u0173 svetain\u0117je.<\/span\n          >\n        <\/td>\n        <td><span style=\"font-weight: 400\">1 metai<\/span><\/td>\n      <\/tr>\n      <tr>\n        <td>\n          <span style=\"font-weight: 400\">1P_JAR, CONSENT, DV, NID, OGPC<\/span>\n        <\/td>\n        <td>\n          <span style=\"font-weight: 400\"\n            >\u201eGoogle\u201c slapukai, skirti atpa\u017einti prie \u201eGoogle\u201c paskyros\n            prisijungusius vartotojus. Naudojami tik puslapiuose kuriuose yra\n            naudojami \u201eGoogle Maps\u201c.<\/span\n          >\n        <\/td>\n        <td><span style=\"font-weight: 400\">Kintamas\u00a0<\/span><\/td>\n      <\/tr>\n    <\/tbody>\n  <\/table>\n  <li style=\"font-weight: 400\" aria-level=\"1\">\n    <span style=\"font-weight: 400\"\n      >Internetin\u0117je svetain\u0117je naudojami slapukai neleid\u017eia nustatyti\n      internetinio puslapio naudotojo tapatyb\u0117s. Apsilankymas Internetin\u0117je\n      svetain\u0117je registruojamas anonimi\u0161kai, atpa\u017e\u012fstant asmenin\u012f kompiuter\u012f,\n      mobil\u0173j\u012f telefon\u0105 ar plan\u0161etin\u012f kompiuter\u012f ir IP adres\u0105, o tokia surinkta\n      informacija n\u0117ra teikiama tre\u010diosioms \u0161alims, i\u0161skyrus teis\u0117s akt\u0173\n      numatytus atvejus.<\/span\n    >\n  <\/li>\n  <li style=\"font-weight: 400\" aria-level=\"1\">\n    <span style=\"font-weight: 400\"\n      >Atidarant Internetin\u0119 svetain\u0119 ir i\u0161\u0161okusiame laukelyje paspaud\u017eiant\n      mygtuk\u0105 \u201eSutinku\u201c, nar\u0161antis asmuo sutinka, kad slapukai b\u016bt\u0173 i\u0161saugoti jo\n      kompiuteryje, mobiliajame telefone ar plan\u0161etiniame kompiuteryje.\u00a0<\/span\n    >\n  <\/li>\n  <li style=\"font-weight: 400\" aria-level=\"1\">\n    <span style=\"font-weight: 400\"\n      >Nor\u0117damas at\u0161aukti duot\u0105 sutikim\u0105, nar\u0161antis asmuo gali i\u0161trinti arba\n      blokuoti slapukus, pasirink\u0119s atitinkamus nustatymus savo nar\u0161ykl\u0117je,\n      leid\u017eian\u010dius atsisakyti vis\u0173 ar dalies slapuk\u0173. \u017dinotina, kad naudojantis\n      tokiais nar\u0161ykl\u0117s nustatymais, kurie blokuoja slapukus (\u012fskaitant b\u016btinus\n      slapukus), asmeniui gali i\u0161kilti problem\u0173 naudojantis visomis ar dalimi\n      Interneto svetain\u0117s funkcij\u0173.<\/span\n    >\n  <\/li>\n  <li style=\"font-weight: 400\" aria-level=\"1\">\n    <span style=\"font-weight: 400\"\n      >Slapuk\u0173 surinkti Asmens duomenys tvarkomi vadovaujantis Lietuvos\n      Respublikos asmens duomen\u0173 teisin\u0117s apsaugos \u012fstatymo, Lietuvos\n      Respublikos elektronini\u0173 ry\u0161i\u0173 \u012fstatymo, Europos Parlamento ir Tarybos\n      reglamento (ES) 2016\/679 d\u0117l fizini\u0173 asmen\u0173 apsaugos tvarkant asmens\n      duomenis ir d\u0117l laisvo toki\u0173 duomen\u0173 jud\u0117jimo ir kuriuo panaikinama\n      Direktyva 95\/46\/EB, bei kit\u0173 asmens duomen\u0173 apsaug\u0105 reglamentuojan\u010di\u0173\n      teis\u0117s akt\u0173 nuostatomis.<\/span\n    >\n  <\/li>\n  <li style=\"font-weight: 400\" aria-level=\"1\">\n    <span style=\"font-weight: 400\"\n      >Vadovaudamiesi teis\u0117s akt\u0173 reikalavimais, Internetin\u0117je svetain\u0117je\n      taikomos saugumo priemones, kurios u\u017ekirst\u0173 keli\u0105 neteis\u0117tam Asmens\n      duomen\u0173 atskleidimui bei neteis\u0117tam j\u0173 panaudojimui.<\/span\n    >\n  <\/li>\n  <h2>\n    III SKYRIUS: ASMENS DUOMEN\u0172 KATEGORIJOS, TVARKYMO TIKSLAI IR TEISINIAI\n    PAGRINDAI\n  <\/h2>\n  <li style=\"font-weight: 400\" aria-level=\"1\">\n    <span style=\"font-weight: 400\"\n      >Sutar\u010di\u0173 su klientais ir verslo partneriais sudarymo ir vykdymo,\n      ikisutartini\u0173 santyki\u0173 u\u017emezgimo tikslu (gali b\u016bti tvarkomi visi toliau\n      nurodyti asmens duomenys arba keli i\u0161 j\u0173), kliento, verslo partnerio,\n      kliento ar verslo partnerio darbuotojo ar atstovo :\u00a0<\/span\n    >\n  <\/li>\n\n  <ol>\n    <li style=\"font-weight: 400\" aria-level=\"1\">\n      <span style=\"font-weight: 400\">vardas, pavard\u0117;<\/span>\n    <\/li>\n    <li style=\"font-weight: 400\" aria-level=\"1\">\n      <span style=\"font-weight: 400\">pareigos;<\/span>\n    <\/li>\n    <li style=\"font-weight: 400\" aria-level=\"1\">\n      <span style=\"font-weight: 400\"\n        >elektroninio pa\u0161to adresas ir (arba) telefono numeris;<\/span\n      >\n    <\/li>\n    <li style=\"font-weight: 400\" aria-level=\"1\">\n      <span style=\"font-weight: 400\"\n        >\u00a0Preki\u0173 pristatymo tikslu, gali b\u016bti tvarkomas adresas.<\/span\n      >\n    <\/li>\n    <li style=\"font-weight: 400\" aria-level=\"1\">\n      <span style=\"font-weight: 400\"\n        >Kliento asmens duomen\u0173 kategorijos, kurios tvarkomos konkre\u010diu atveju,\n        priklauso nuo sutarties, kuri sudaroma ir vykdoma, pob\u016bd\u017eio.\u00a0<\/span\n      >\n    <\/li>\n    <li style=\"font-weight: 400\" aria-level=\"1\">\n      <span style=\"font-weight: 400\"\n        >Bet kokiu atveju tvarkoma tik tiek asmens duomen\u0173, kiek j\u0173 reikalinga\n        tam, kad b\u016bt\u0173 \u012fvykdyta sutartis arba tinkamai laikomasi teis\u0117s akt\u0173\n        reikalavim\u0173.<\/span\n      >\n    <\/li>\n    <li style=\"font-weight: 400\" aria-level=\"1\">\n      <span style=\"font-weight: 400\"\n        >Apskaitos reikalavim\u0173 vykdymo tikslu,\u00a0i\u0161ra\u0161ant PVM s\u0105skaitas &#8211; fakt\u016bras\n        tvarkomi kliento ar verslo partnerio darbuotojo ar atstovo asmens\n        duomenys &#8211; vardas, pavard\u0117, elektroninio pa\u0161to adresas,\u00a0 adresas.\u00a0<\/span\n      >\n    <\/li>\n    <li style=\"font-weight: 400\" aria-level=\"1\">\n      <span style=\"font-weight: 400\"\n        >Administruojant PVM s\u0105skaitas \u2013 fakt\u016bras tvarkomi tie asmens duomenys,\n        kuriuos privaloma pateikti pagal teis\u0117s aktuose numatytus\n        reikalavimus.\u00a0<\/span\n      >\n    <\/li>\n  <\/ol>\n\n  <h2>IV SKYRIUS: DUOMEN\u0172 SUBJEKT\u0172 TEIS\u0116S IR J\u0172 \u012eGYVENDINIMO TVARKA<\/h2>\n\n  <li style=\"font-weight: 400\" aria-level=\"1\">\n    <span style=\"font-weight: 400\"\n      >Duomen\u0173 subjekt\u0173 teis\u0117s ir j\u0173 \u012fgyvendinimas:<\/span\n    >\n  <\/li>\n  <ol>\n    <li style=\"font-weight: 400\" aria-level=\"1\">\n      <span style=\"font-weight: 400\"\n        >Duomen\u0173 subjektai turi teis\u0119 susipa\u017einti su savo asmens duomenimis ir\n        kaip jie yra tvarkomi, reikalauti i\u0161taisyti, papildyti ar sunaikinti\n        pateiktus asmens duomenis, taip pat sustabdyti j\u0173 tvarkymo veiksmus\n        (at\u0161aukti savo sutikim\u0105).\u00a0<\/span\n      >\n    <\/li>\n    <li style=\"font-weight: 400\" aria-level=\"1\">\n      <span style=\"font-weight: 400\"\n        >Taip pat turi teis\u0119 reikalauti, kad asmens duomen\u0173 valdytojas apribot\u0173\n        asmens duomen\u0173 tvarkym\u0105, teis\u0119 \u012f duomen\u0173 perk\u0117lim\u0105, pateikti skund\u0105\n        Valstybinei duomen\u0173 apsaugos inspekcijai (kontaktiniai duomenys pateikti\n        interneto spetain\u0117je\u00a0<\/span\n      ><a href=\"https:\/\/vdai.lrv.lt\/\"\n        ><span style=\"font-weight: 400\">https:\/\/vdai.lrv.lt<\/span><\/a\n      ><span style=\"font-weight: 400\"\n        >) ir nesutikti su pateikt\u0173 asmens duomen\u0173 tvarkymu.\u00a0<\/span\n      >\n    <\/li>\n    <li style=\"font-weight: 400\" aria-level=\"1\">\n      <span style=\"font-weight: 400\"\n        >Informacija apie \u0161i\u0173 teisi\u0173 \u012fgyvendinimo tvark\u0105 teikiama el. pa\u0161to\n        adresu\u00a0<\/span\n      ><a href=\"mailto:info@airidea.lt\"\n        ><span style=\"font-weight: 400\">info@airidea.lt<\/span><\/a\n      ><span style=\"font-weight: 400\">.<\/span>\n    <\/li>\n  <\/ol>\n  <h2>\n    V SKYRIUS: ASMENS DUOMEN\u0172 SAUGOJIMO TERMINAI<span style=\"font-weight: 400\">\n    <\/span>\n  <\/h2>\n  <li style=\"font-weight: 400\" aria-level=\"1\">\n    <span style=\"font-weight: 400\"\n      >UAB \u201eAIR Idea\u201c saugo J\u016bs\u0173 asmens duomenis ne ilgiau, negu to reikalauja\n      duomen\u0173 tvarkymo tikslai ar numato teis\u0117s aktai, jeigu juose numatytas\n      ilgesnis saugojimo terminas.<\/span\n    >\n  <\/li>\n  <li style=\"font-weight: 400\" aria-level=\"1\">\n    <span style=\"font-weight: 400\"\n      >Asmens duomenys gali b\u016bti gali saugomi ilgiau nei nurodyta, jeigu tai\n      numatyta teis\u0117s aktuose arba kai asmens duomenys reikalingi tyrimui ar\n      kaip \u012frodymas civilin\u0117je, administracin\u0117je ar baud\u017eiamojoje byloje.<\/span\n    >\n  <\/li>\n  <h2>VI SKYRIUS : BAIGIAMOSIOS NUOSTATOS<\/h2>\n  <li style=\"font-weight: 400\" aria-level=\"1\">\n    <span style=\"font-weight: 400\"\n      >Su \u0161ia Politika susijusiems teisiniams santykiams taikoma Lietuvos\n      Respublikos teis\u0117.<\/span\n    >\n  <\/li>\n  <li style=\"font-weight: 400\" aria-level=\"1\">\n    <span style=\"font-weight: 400\"\n      >Duomen\u0173 valdytojas neatsako u\u017e \u017eal\u0105, \u012fskaitant \u017eal\u0105, s\u0105lygot\u0105 naudojimosi\n      Interneto svetaine trikd\u017ei\u0173, u\u017e duomen\u0173 praradim\u0105 ar sugadinim\u0105,\n      atsiradus\u012f d\u0117l paties asmens ar tre\u010di\u0173j\u0173 asmen\u0173, veikian\u010di\u0173 su asmens\n      \u017einia, veiksm\u0173 ar neveikimo, klaid\u0173, s\u0105moningo kenkimo, kitokio netinkamo\n      Interneto svetain\u0117s naudojimo. Duomen\u0173 valdytojas taip pat neatsako u\u017e\n      prisijungimo ir\/ar naudojimosi Interneto svetaine trikd\u017eius ir (ar) j\u0173\n      s\u0105lygot\u0105 \u017eal\u0105, atsiradusi\u0105 d\u0117l tre\u010di\u0173j\u0173 \u0161ali\u0173, nesusijusi\u0173 su Duomen\u0173\n      valdytoju ar asmeniu, veiksm\u0173 ar neveikimo, \u012fskaitant elektros, interneto\n      prieigos tiekimo sutrikimus, ir kt.<\/span\n    >\n  <\/li>\n  <li style=\"font-weight: 400\" aria-level=\"1\">\n    <span style=\"font-weight: 400\"\n      >Duomen\u0173 valdytojas turi teis\u0119 i\u0161 dalies ar visi\u0161kai pakeisti\n      Politik\u0105.<\/span\n    >\n  <\/li>\n  <li style=\"font-weight: 400\" aria-level=\"1\">\n    <span style=\"font-weight: 400\"\n      >Politikos papildymai ar pakeitimai \u012fsigalioja nuo j\u0173 paskelbimo Interneto\n      svetain\u0117je dienos.<\/span\n    >\n  <\/li>\n  <li style=\"font-weight: 400\" aria-level=\"1\">\n    <span style=\"font-weight: 400\"\n      >Jei po Politikos papildymo ar pakeitimo asmuo ir toliau naudojasi\n      Interneto svetaine ir\/ar Duomen\u0173 valdytojo teikiamomis paslaugomis,\n      laikoma, kad asmuo neprie\u0161tarauja d\u0117l toki\u0173 papildym\u0173 ir\/ar\n      pakeitim\u0173.<\/span\n    >\n  <\/li>\n<\/ol>\n\n<div>Pareng\u0117: UAB \u201eVeritas bona\u201c (304628436)<\/div>\n\t\t\t\t\t\t\t\t<\/div>\n\t\t\t\t<\/div>\n\t\t\t\t\t<\/div>\n\t\t<\/div>\n\t\t\t\t\t<\/div>\n\t\t<\/section>\n\t\t\t\t<\/div>\n\t\t","protected":false},"excerpt":{"rendered":"<p>Privatumo politika I SKYRIUS: BENDROSIOS NUOSTATOS \u0160ioje Privatumo politikoje pateikiama informacija apie asmens duomen\u0173 tvarkym\u0105 &#8211; kaip renkami, tvarkomi, saugomi J\u016bs\u0173 asmens duomenys. Suprantame asmens duomen\u0173 apsaugos svarb\u0105, tod\u0117l gerbiame savo klient\u0173 ir kit\u0173 duomen\u0173 subjekt\u0173&nbsp; privatum\u0105 ir saugome asmens duomenis. \u0160i privatumo politika (toliau \u2013 Politika) reglamentuoja UAB \u201eAIR Idea\u201c, veikian\u010dio adresu Naujakuri\u0173 g. [&hellip;]<\/p>\n","protected":false},"author":2,"featured_media":0,"parent":0,"menu_order":0,"comment_status":"closed","ping_status":"closed","template":"","meta":{"footnotes":""},"class_list":["post-3923","page","type-page","status-publish","hentry"],"_links":{"self":[{"href":"https:\/\/www.airidea.lt\/en\/wp-json\/wp\/v2\/pages\/3923","targetHints":{"allow":["GET"]}}],"collection":[{"href":"https:\/\/www.airidea.lt\/en\/wp-json\/wp\/v2\/pages"}],"about":[{"href":"https:\/\/www.airidea.lt\/en\/wp-json\/wp\/v2\/types\/page"}],"author":[{"embeddable":true,"href":"https:\/\/www.airidea.lt\/en\/wp-json\/wp\/v2\/users\/2"}],"replies":[{"embeddable":true,"href":"https:\/\/www.airidea.lt\/en\/wp-json\/wp\/v2\/comments?post=3923"}],"version-history":[{"count":1,"href":"https:\/\/www.airidea.lt\/en\/wp-json\/wp\/v2\/pages\/3923\/revisions"}],"predecessor-version":[{"id":3924,"href":"https:\/\/www.airidea.lt\/en\/wp-json\/wp\/v2\/pages\/3923\/revisions\/3924"}],"wp:attachment":[{"href":"https:\/\/www.airidea.lt\/en\/wp-json\/wp\/v2\/media?parent=3923"}],"curies":[{"name":"wp","href":"https:\/\/api.w.org\/{rel}","templated":true}]}}